{"id":2032,"date":"2020-04-10T21:06:47","date_gmt":"2020-04-10T21:06:47","guid":{"rendered":"https:\/\/izakayagenji.eu\/qui-sommes-nous\/"},"modified":"2021-04-06T09:58:51","modified_gmt":"2021-04-06T09:58:51","slug":"qui-sommes-nous","status":"publish","type":"page","link":"https:\/\/izakayagenji.eu\/be-fr\/qui-sommes-nous\/","title":{"rendered":"Qui sommes nous ?"},"content":{"rendered":"\n<h3 class=\"wp-block-heading\">Izakaya, sp\u00e9cialiste de la gastronomie japonaise en grande surface<\/h3>\n\n\n\n<figure class=\"wp-block-image size-large\"><img loading=\"lazy\" decoding=\"async\" width=\"1024\" height=\"768\" src=\"https:\/\/izakayagenji.eu\/wp-content\/uploads\/sites\/9\/2021\/04\/quisommesnous5-1024x768.jpg\" alt=\"\" class=\"wp-image-4704\" srcset=\"https:\/\/izakayagenji.eu\/wp-content\/uploads\/sites\/9\/2021\/04\/quisommesnous5-1024x768.jpg 1024w, https:\/\/izakayagenji.eu\/wp-content\/uploads\/sites\/9\/2021\/04\/quisommesnous5-300x225.jpg 300w, https:\/\/izakayagenji.eu\/wp-content\/uploads\/sites\/9\/2021\/04\/quisommesnous5-768x576.jpg 768w, https:\/\/izakayagenji.eu\/wp-content\/uploads\/sites\/9\/2021\/04\/quisommesnous5-1536x1152.jpg 1536w, https:\/\/izakayagenji.eu\/wp-content\/uploads\/sites\/9\/2021\/04\/quisommesnous5-840x630.jpg 840w, https:\/\/izakayagenji.eu\/wp-content\/uploads\/sites\/9\/2021\/04\/quisommesnous5-347x260.jpg 347w, https:\/\/izakayagenji.eu\/wp-content\/uploads\/sites\/9\/2021\/04\/quisommesnous5-554x416.jpg 554w, https:\/\/izakayagenji.eu\/wp-content\/uploads\/sites\/9\/2021\/04\/quisommesnous5-224x168.jpg 224w, https:\/\/izakayagenji.eu\/wp-content\/uploads\/sites\/9\/2021\/04\/quisommesnous5-187x140.jpg 187w, https:\/\/izakayagenji.eu\/wp-content\/uploads\/sites\/9\/2021\/04\/quisommesnous5.jpg 1920w\" sizes=\"(max-width: 1024px) 100vw, 1024px\" \/><\/figure>\n\n\n\n<h4 class=\"wp-block-heading\">Avec plus de 50 stands en Belgique, Izakaya vous propose de la gastronomie japonaise pr\u00e8s de chez vous !<\/h4>\n\n\n\n<p>Izakaya vous propose un concept de stands japonais dans les magasins au plus proche de chez vous. Notre atout: vous offrir des produits fabriqu\u00e9s chaque jour. Tous nos sushis et rolls sont r\u00e9alis\u00e9s sur place devant vous par nos \u00e9quipes de sushimen.<\/p>\n\n\n\n<blockquote class=\"wp-block-quote is-layout-flow wp-block-quote-is-layout-flow\"><p>&#8220;La fra\u00eecheur et la qualit\u00e9 de nos sushis et rolls sont notre Leitmotiv&#8221;<\/p><\/blockquote>\n\n\n\n<p>Les \u00e9quipes Izakaya sont form\u00e9es pour vous offrir des produits de grande qualit\u00e9. Cette qualit\u00e9 est surveill\u00e9e par les responsables qualit\u00e9 Hana Group et contr\u00f4l\u00e9e par des laboratoires ext\u00e9rieurs. Toute cette organisation et ce savoir-faire nous permettent de vous garantir du plaisir en toute s\u00e9curit\u00e9.<\/p>\n\n\n\n<p>Izakaya est l&#8217;une des 20 marques d&#8217;Hana Group, sp\u00e9cialis\u00e9 dans le ShowCooking. Retrouvez le m\u00eame savoir-faire, les m\u00eames valeurs pour toutes les cuisines du monde: Italienne, Tha\u00eflandaise, Vietnamienne, Orientale, \u2026 Partez d\u00e8s maintenant pour un nouveau voyage culinaire!<\/p>\n\n\n\n<blockquote class=\"wp-block-quote is-layout-flow wp-block-quote-is-layout-flow\"><p>&#8220;Le Show Cooking permet d&#8217;appr\u00e9cier le savoir-faire du cuisinier, tout en dotant l&#8217;exp\u00e9rience culinaire d&#8217;une dimension \u00e9v\u00e9nementielle&#8221;<\/p><\/blockquote>\n\n\n\n<figure class=\"wp-block-embed-youtube wp-block-embed is-type-video is-provider-youtube wp-embed-aspect-16-9 wp-has-aspect-ratio\"><div class=\"wp-block-embed__wrapper\">\n<iframe loading=\"lazy\" title=\"Hana Group - Cr\u00e9ateur de voyage culinaire\" width=\"500\" height=\"281\" src=\"https:\/\/www.youtube.com\/embed\/PRW8SrWFN80?feature=oembed\" frameborder=\"0\" allow=\"accelerometer; autoplay; clipboard-write; encrypted-media; gyroscope; picture-in-picture; web-share\" referrerpolicy=\"strict-origin-when-cross-origin\" allowfullscreen><\/iframe>\n<\/div><\/figure>\n","protected":false},"excerpt":{"rendered":"<p>Avec plus de 50 stands en Belgique, Izakaya vous propose de la gastronomie japonaise pr\u00e8s de chez vous<\/p>\n","protected":false},"author":1,"featured_media":2034,"parent":0,"menu_order":0,"comment_status":"closed","ping_status":"closed","template":"","meta":{"_acf_changed":false,"footnotes":""},"class_list":["post-2032","page","type-page","status-publish","has-post-thumbnail","hentry"],"acf":[],"yoast_head":"<!-- This site is optimized with the Yoast SEO plugin v22.1 - https:\/\/yoast.com\/wordpress\/plugins\/seo\/ -->\n<title>Qui sommes nous ? - Izakaya<\/title>\n<meta name=\"robots\" content=\"index, follow, max-snippet:-1, max-image-preview:large, max-video-preview:-1\" \/>\n<link rel=\"canonical\" href=\"https:\/\/izakayagenji.eu\/be-fr\/qui-sommes-nous\/\" \/>\n<meta property=\"og:locale\" content=\"en_US\" \/>\n<meta property=\"og:type\" content=\"article\" \/>\n<meta property=\"og:title\" content=\"Qui sommes nous ? - Izakaya\" \/>\n<meta property=\"og:description\" content=\"Avec plus de 50 stands en Belgique, Izakaya vous propose de la gastronomie japonaise pr\u00e8s de chez vous\" \/>\n<meta property=\"og:url\" content=\"https:\/\/izakayagenji.eu\/be-fr\/qui-sommes-nous\/\" \/>\n<meta property=\"og:site_name\" content=\"Izakaya\" \/>\n<meta property=\"article:modified_time\" content=\"2021-04-06T09:58:51+00:00\" \/>\n<meta property=\"og:image\" content=\"https:\/\/izakayagenji.eu\/wp-content\/uploads\/sites\/9\/2020\/06\/quisommesnousheader.png\" \/>\n\t<meta property=\"og:image:width\" content=\"1440\" \/>\n\t<meta property=\"og:image:height\" content=\"235\" \/>\n\t<meta property=\"og:image:type\" content=\"image\/png\" \/>\n<meta name=\"twitter:card\" content=\"summary_large_image\" \/>\n<meta name=\"twitter:label1\" content=\"Est. reading time\" \/>\n\t<meta name=\"twitter:data1\" content=\"1 minute\" \/>\n<script type=\"application\/ld+json\" class=\"yoast-schema-graph\">{\"@context\":\"https:\/\/schema.org\",\"@graph\":[{\"@type\":\"WebPage\",\"@id\":\"https:\/\/izakayagenji.eu\/be-fr\/qui-sommes-nous\/\",\"url\":\"https:\/\/izakayagenji.eu\/be-fr\/qui-sommes-nous\/\",\"name\":\"Qui sommes nous ? - Izakaya\",\"isPartOf\":{\"@id\":\"https:\/\/izakayagenji.eu\/#website\"},\"datePublished\":\"2020-04-10T21:06:47+00:00\",\"dateModified\":\"2021-04-06T09:58:51+00:00\",\"breadcrumb\":{\"@id\":\"https:\/\/izakayagenji.eu\/be-fr\/qui-sommes-nous\/#breadcrumb\"},\"inLanguage\":\"be-FR\",\"potentialAction\":[{\"@type\":\"ReadAction\",\"target\":[\"https:\/\/izakayagenji.eu\/be-fr\/qui-sommes-nous\/\"]}]},{\"@type\":\"BreadcrumbList\",\"@id\":\"https:\/\/izakayagenji.eu\/be-fr\/qui-sommes-nous\/#breadcrumb\",\"itemListElement\":[{\"@type\":\"ListItem\",\"position\":1,\"name\":\"Accueil\",\"item\":\"https:\/\/izakayagenji.eu\/be-fr\/\"},{\"@type\":\"ListItem\",\"position\":2,\"name\":\"Qui sommes nous ?\"}]},{\"@type\":\"WebSite\",\"@id\":\"https:\/\/izakayagenji.eu\/#website\",\"url\":\"https:\/\/izakayagenji.eu\/\",\"name\":\"Izakaya\",\"description\":\"Envie de Sushis ?\",\"potentialAction\":[{\"@type\":\"SearchAction\",\"target\":{\"@type\":\"EntryPoint\",\"urlTemplate\":\"https:\/\/izakayagenji.eu\/?s={search_term_string}\"},\"query-input\":\"required name=search_term_string\"}],\"inLanguage\":\"be-FR\"}]}<\/script>\n<!-- \/ Yoast SEO plugin. -->","yoast_head_json":{"title":"Qui sommes nous ? - Izakaya","robots":{"index":"index","follow":"follow","max-snippet":"max-snippet:-1","max-image-preview":"max-image-preview:large","max-video-preview":"max-video-preview:-1"},"canonical":"https:\/\/izakayagenji.eu\/be-fr\/qui-sommes-nous\/","og_locale":"en_US","og_type":"article","og_title":"Qui sommes nous ? - Izakaya","og_description":"Avec plus de 50 stands en Belgique, Izakaya vous propose de la gastronomie japonaise pr\u00e8s de chez vous","og_url":"https:\/\/izakayagenji.eu\/be-fr\/qui-sommes-nous\/","og_site_name":"Izakaya","article_modified_time":"2021-04-06T09:58:51+00:00","og_image":[{"width":1440,"height":235,"url":"https:\/\/izakayagenji.eu\/wp-content\/uploads\/sites\/9\/2020\/06\/quisommesnousheader.png","type":"image\/png"}],"twitter_card":"summary_large_image","twitter_misc":{"Est. reading time":"1 minute"},"schema":{"@context":"https:\/\/schema.org","@graph":[{"@type":"WebPage","@id":"https:\/\/izakayagenji.eu\/be-fr\/qui-sommes-nous\/","url":"https:\/\/izakayagenji.eu\/be-fr\/qui-sommes-nous\/","name":"Qui sommes nous ? - Izakaya","isPartOf":{"@id":"https:\/\/izakayagenji.eu\/#website"},"datePublished":"2020-04-10T21:06:47+00:00","dateModified":"2021-04-06T09:58:51+00:00","breadcrumb":{"@id":"https:\/\/izakayagenji.eu\/be-fr\/qui-sommes-nous\/#breadcrumb"},"inLanguage":"be-FR","potentialAction":[{"@type":"ReadAction","target":["https:\/\/izakayagenji.eu\/be-fr\/qui-sommes-nous\/"]}]},{"@type":"BreadcrumbList","@id":"https:\/\/izakayagenji.eu\/be-fr\/qui-sommes-nous\/#breadcrumb","itemListElement":[{"@type":"ListItem","position":1,"name":"Accueil","item":"https:\/\/izakayagenji.eu\/be-fr\/"},{"@type":"ListItem","position":2,"name":"Qui sommes nous ?"}]},{"@type":"WebSite","@id":"https:\/\/izakayagenji.eu\/#website","url":"https:\/\/izakayagenji.eu\/","name":"Izakaya","description":"Envie de Sushis ?","potentialAction":[{"@type":"SearchAction","target":{"@type":"EntryPoint","urlTemplate":"https:\/\/izakayagenji.eu\/?s={search_term_string}"},"query-input":"required name=search_term_string"}],"inLanguage":"be-FR"}]}},"_links":{"self":[{"href":"https:\/\/izakayagenji.eu\/be-fr\/wp-json\/wp\/v2\/pages\/2032"}],"collection":[{"href":"https:\/\/izakayagenji.eu\/be-fr\/wp-json\/wp\/v2\/pages"}],"about":[{"href":"https:\/\/izakayagenji.eu\/be-fr\/wp-json\/wp\/v2\/types\/page"}],"author":[{"embeddable":true,"href":"https:\/\/izakayagenji.eu\/be-fr\/wp-json\/wp\/v2\/users\/1"}],"replies":[{"embeddable":true,"href":"https:\/\/izakayagenji.eu\/be-fr\/wp-json\/wp\/v2\/comments?post=2032"}],"version-history":[{"count":2,"href":"https:\/\/izakayagenji.eu\/be-fr\/wp-json\/wp\/v2\/pages\/2032\/revisions"}],"predecessor-version":[{"id":4712,"href":"https:\/\/izakayagenji.eu\/be-fr\/wp-json\/wp\/v2\/pages\/2032\/revisions\/4712"}],"wp:featuredmedia":[{"embeddable":true,"href":"https:\/\/izakayagenji.eu\/be-fr\/wp-json\/wp\/v2\/media\/2034"}],"wp:attachment":[{"href":"https:\/\/izakayagenji.eu\/be-fr\/wp-json\/wp\/v2\/media?parent=2032"}],"curies":[{"name":"wp","href":"https:\/\/api.w.org\/{rel}","templated":true}]}}